{"id":465,"date":"2023-08-14T16:31:56","date_gmt":"2023-08-14T16:31:56","guid":{"rendered":"https:\/\/www.dieveedelkundlerin.com\/?page_id=465"},"modified":"2025-01-30T18:38:20","modified_gmt":"2025-01-30T18:38:20","slug":"ueber-mich","status":"publish","type":"page","link":"https:\/\/www.dieveedelkundlerin.com\/?page_id=465","title":{"rendered":"\u00dcber mich"},"content":{"rendered":"\n<h4 class=\"wp-block-heading\">Herzlich willkommen auf meiner Seite! <\/h4>\n\n\n\n<p>Mein Name ist Uschi Weingarten, und ich freue mich darauf, meine Heimatstadt K\u00f6ln als leidenschaftliche Stadtf\u00fchrerin zu pr\u00e4sentieren.<\/p>\n\n\n\n<p>K\u00f6ln ist nicht nur eine Stadt f\u00fcr mich \u2013 es ist meine Geburtsst\u00e4tte, mein Zuhause und der Ort, an dem meine Herzschl\u00e4ge am lautesten sind. Als Kind bin ich im s\u00fcdlichen Teil der Stadt, genauer gesagt in K\u00f6ln-Klettenberg, aufgewachsen. Sp\u00e4ter habe ich in K\u00f6ln-S\u00fclz gelebt und so die Vielfalt und den Charme verschiedener <em>Veedel<\/em> hautnah erlebt. Diese Verbundenheit zu K\u00f6ln hat mich zu einem echten &#8222;K\u00f6lsch\u2018 M\u00e4dsche&#8220; gemacht, und der Gedanke, jemals von hier wegzugehen, war f\u00fcr mich undenkbar.<\/p>\n\n\n\n<p>Mein Weg f\u00fchrte mich durch Bildung und berufliche Erfahrungen, die eng mit dieser Stadt verkn\u00fcpft sind. Ich habe in K\u00f6ln studiert und \u00fcber viele Jahre hinweg in einem gro\u00dfen Dienstleistungskonzern hier gearbeitet. Mit dem Eintritt in den Ruhestand bot sich mir die wunderbare Gelegenheit, meine Leidenschaft zum Beruf zu machen und mich \u201emeiner\u201c Stadt zu widmen. So entdeckte ich mein neues Bet\u00e4tigungsfeld: die Stadtf\u00fchrung.<\/p>\n\n\n\n<p>Nun habe ich das Privileg, Menschen durch die Stra\u00dfen meiner Stadt zu begleiten, durch die Viertel, die f\u00fcr mich eine besondere Bedeutung haben. Ich liebe es, die Geschichten und Anekdoten hinter den Fassaden zum Leben zu erwecken und meine Begeisterung f\u00fcr K\u00f6ln mit anderen zu teilen. Aber keine Sorge, ich bin keineswegs von einer \u00fcbertriebenen Heimatliebe berauscht, oder &#8211; um es anders zu sagen, ich scheue mich nicht davor, auch kritische Aspekte anzusprechen. Denn K\u00f6ln ist genauso vielschichtig wie faszinierend, und es gibt immer Raum f\u00fcr Lachen und Staunen.<\/p>\n\n\n\n<figure class=\"wp-block-image size-full\"><img loading=\"lazy\" decoding=\"async\" width=\"768\" height=\"1024\" src=\"https:\/\/www.dieveedelkundlerin.com\/wp-content\/uploads\/2025\/01\/66506479-950b-4cc1-8a90-b6408329aef7.jpg\" alt=\"\" class=\"wp-image-578\" srcset=\"https:\/\/www.dieveedelkundlerin.com\/wp-content\/uploads\/2025\/01\/66506479-950b-4cc1-8a90-b6408329aef7.jpg 768w, https:\/\/www.dieveedelkundlerin.com\/wp-content\/uploads\/2025\/01\/66506479-950b-4cc1-8a90-b6408329aef7-225x300.jpg 225w\" sizes=\"auto, (max-width: 768px) 100vw, 768px\" \/><\/figure>\n\n\n\n<div class=\"wp-block-jetpack-tiled-gallery aligncenter is-style-rectangular\"><div class=\"\"><div class=\"tiled-gallery__gallery\"><div class=\"tiled-gallery__row\"><div class=\"tiled-gallery__col\" style=\"flex-basis:18.03439%\"><figure class=\"tiled-gallery__item\"><img decoding=\"async\" srcset=\"https:\/\/i1.wp.com\/www.dieveedelkundlerin.com\/wp-content\/uploads\/2025\/01\/a9959592-9bd5-4ad1-858c-a60a3ee6c8a6-768x1024.jpg?strip=info&#038;w=600&#038;ssl=1 600w,https:\/\/i1.wp.com\/www.dieveedelkundlerin.com\/wp-content\/uploads\/2025\/01\/a9959592-9bd5-4ad1-858c-a60a3ee6c8a6-768x1024.jpg?strip=info&#038;w=900&#038;ssl=1 900w,https:\/\/i1.wp.com\/www.dieveedelkundlerin.com\/wp-content\/uploads\/2025\/01\/a9959592-9bd5-4ad1-858c-a60a3ee6c8a6-768x1024.jpg?strip=info&#038;w=1200&#038;ssl=1 1200w,https:\/\/i1.wp.com\/www.dieveedelkundlerin.com\/wp-content\/uploads\/2025\/01\/a9959592-9bd5-4ad1-858c-a60a3ee6c8a6-768x1024.jpg?strip=info&#038;w=1500&#038;ssl=1 1500w,https:\/\/i1.wp.com\/www.dieveedelkundlerin.com\/wp-content\/uploads\/2025\/01\/a9959592-9bd5-4ad1-858c-a60a3ee6c8a6-768x1024.jpg?strip=info&#038;w=1512&#038;ssl=1 1512w\" alt=\"\" data-height=\"2016\" data-id=\"576\" data-link=\"https:\/\/www.dieveedelkundlerin.com\/?attachment_id=576\" data-url=\"https:\/\/www.dieveedelkundlerin.com\/wp-content\/uploads\/2025\/01\/a9959592-9bd5-4ad1-858c-a60a3ee6c8a6-768x1024.jpg\" data-width=\"1512\" src=\"https:\/\/i1.wp.com\/www.dieveedelkundlerin.com\/wp-content\/uploads\/2025\/01\/a9959592-9bd5-4ad1-858c-a60a3ee6c8a6-768x1024.jpg?ssl=1\" data-amp-layout=\"responsive\" aria-label=\"Bild\u00a01 von 4 im Vollbildmodus \u00f6ffnen\"\/><\/figure><\/div><div class=\"tiled-gallery__col\" style=\"flex-basis:18.03439%\"><figure class=\"tiled-gallery__item\"><img decoding=\"async\" srcset=\"https:\/\/i2.wp.com\/www.dieveedelkundlerin.com\/wp-content\/uploads\/2025\/01\/c3e4bbd3-a9ec-482b-b82a-f898febc54db.jpg?strip=info&#038;w=600&#038;ssl=1 600w,https:\/\/i2.wp.com\/www.dieveedelkundlerin.com\/wp-content\/uploads\/2025\/01\/c3e4bbd3-a9ec-482b-b82a-f898febc54db.jpg?strip=info&#038;w=768&#038;ssl=1 768w\" alt=\"\" data-height=\"1024\" data-id=\"574\" data-link=\"https:\/\/www.dieveedelkundlerin.com\/?attachment_id=574\" data-url=\"https:\/\/www.dieveedelkundlerin.com\/wp-content\/uploads\/2025\/01\/c3e4bbd3-a9ec-482b-b82a-f898febc54db.jpg\" data-width=\"768\" src=\"https:\/\/i2.wp.com\/www.dieveedelkundlerin.com\/wp-content\/uploads\/2025\/01\/c3e4bbd3-a9ec-482b-b82a-f898febc54db.jpg?ssl=1\" data-amp-layout=\"responsive\" aria-label=\"Bild\u00a02 von 4 im Vollbildmodus \u00f6ffnen\"\/><\/figure><\/div><div class=\"tiled-gallery__col\" style=\"flex-basis:31.93245%\"><figure class=\"tiled-gallery__item\"><img decoding=\"async\" srcset=\"https:\/\/i0.wp.com\/www.dieveedelkundlerin.com\/wp-content\/uploads\/2025\/01\/5e224616-931a-427a-a91f-62ba909c26a6.jpg?strip=info&#038;w=600&#038;ssl=1 600w,https:\/\/i0.wp.com\/www.dieveedelkundlerin.com\/wp-content\/uploads\/2025\/01\/5e224616-931a-427a-a91f-62ba909c26a6.jpg?strip=info&#038;w=900&#038;ssl=1 900w,https:\/\/i0.wp.com\/www.dieveedelkundlerin.com\/wp-content\/uploads\/2025\/01\/5e224616-931a-427a-a91f-62ba909c26a6.jpg?strip=info&#038;w=1024&#038;ssl=1 1024w\" alt=\"\" data-height=\"768\" data-id=\"577\" data-link=\"https:\/\/www.dieveedelkundlerin.com\/?attachment_id=577\" data-url=\"https:\/\/www.dieveedelkundlerin.com\/wp-content\/uploads\/2025\/01\/5e224616-931a-427a-a91f-62ba909c26a6.jpg\" data-width=\"1024\" src=\"https:\/\/i0.wp.com\/www.dieveedelkundlerin.com\/wp-content\/uploads\/2025\/01\/5e224616-931a-427a-a91f-62ba909c26a6.jpg?ssl=1\" data-amp-layout=\"responsive\" aria-label=\"Bild\u00a03 von 4 im Vollbildmodus \u00f6ffnen\"\/><\/figure><\/div><div class=\"tiled-gallery__col\" style=\"flex-basis:31.99877%\"><figure class=\"tiled-gallery__item\"><img decoding=\"async\" srcset=\"https:\/\/i1.wp.com\/www.dieveedelkundlerin.com\/wp-content\/uploads\/2025\/01\/IMG_20240819_173051-1024x766.jpg?strip=info&#038;w=600&#038;ssl=1 600w,https:\/\/i1.wp.com\/www.dieveedelkundlerin.com\/wp-content\/uploads\/2025\/01\/IMG_20240819_173051-1024x766.jpg?strip=info&#038;w=900&#038;ssl=1 900w,https:\/\/i1.wp.com\/www.dieveedelkundlerin.com\/wp-content\/uploads\/2025\/01\/IMG_20240819_173051-1024x766.jpg?strip=info&#038;w=1200&#038;ssl=1 1200w,https:\/\/i1.wp.com\/www.dieveedelkundlerin.com\/wp-content\/uploads\/2025\/01\/IMG_20240819_173051-1024x766.jpg?strip=info&#038;w=1500&#038;ssl=1 1500w,https:\/\/i1.wp.com\/www.dieveedelkundlerin.com\/wp-content\/uploads\/2025\/01\/IMG_20240819_173051-1024x766.jpg?strip=info&#038;w=1800&#038;ssl=1 1800w,https:\/\/i1.wp.com\/www.dieveedelkundlerin.com\/wp-content\/uploads\/2025\/01\/IMG_20240819_173051-1024x766.jpg?strip=info&#038;w=2000&#038;ssl=1 2000w\" alt=\"\" data-height=\"1916\" data-id=\"575\" data-link=\"https:\/\/www.dieveedelkundlerin.com\/?attachment_id=575\" data-url=\"https:\/\/www.dieveedelkundlerin.com\/wp-content\/uploads\/2025\/01\/IMG_20240819_173051-1024x766.jpg\" data-width=\"2560\" src=\"https:\/\/i1.wp.com\/www.dieveedelkundlerin.com\/wp-content\/uploads\/2025\/01\/IMG_20240819_173051-1024x766.jpg?ssl=1\" data-amp-layout=\"responsive\" aria-label=\"Bild\u00a04 von 4 im Vollbildmodus \u00f6ffnen\"\/><\/figure><\/div><\/div><\/div><\/div><\/div>\n\n\n\n<p>Das Wichtigste f\u00fcr mich ist, dass meine G\u00e4ste nicht nur Informationen erhalten, sondern auch einen unterhaltsamen und bereichernden Ausflug erleben. Ich m\u00f6chte, dass jeder, der an einer meiner Touren teilnimmt, mindestens genauso viel Spa\u00df hat wie ich selbst. Gemeinsam lernen wir die Facetten dieser wundervollen Stadt kennen \u2013 ihre Geschichte, ihre Traditionen und ihre Menschen.<\/p>\n\n\n\n<p>Ich freue mich darauf, auch Dich bald bei einer meiner Touren begr\u00fc\u00dfen zu d\u00fcrfen und gemeinsam K\u00f6ln auf eine einzigartig pers\u00f6nliche Weise zu entdecken.<\/p>\n\n\n\n<p>Bis bald,<\/p>\n\n\n\n<p>Uschi Weingarten&nbsp;<\/p>\n","protected":false},"excerpt":{"rendered":"<p>Herzlich willkommen auf meiner Seite! Mein Name ist Uschi Weingarten, und ich freue mich darauf, meine Heimatstadt K\u00f6ln als leidenschaftliche Stadtf\u00fchrerin zu pr\u00e4sentieren. K\u00f6ln ist nicht nur eine Stadt f\u00fcr mich \u2013 es ist meine Geburtsst\u00e4tte, mein Zuhause und der Ort, an dem meine Herzschl\u00e4ge am lautesten sind. Als Kind bin ich im s\u00fcdlichen Teil [&hellip;]<\/p>\n","protected":false},"author":1,"featured_media":0,"parent":0,"menu_order":0,"comment_status":"closed","ping_status":"closed","template":"","meta":{"_themeisle_gutenberg_block_has_review":false,"_glsr_average":0,"_glsr_ranking":0,"_glsr_reviews":0,"footnotes":""},"class_list":["post-465","page","type-page","status-publish","hentry"],"yoast_head":"<!-- This site is optimized with the Yoast SEO plugin v24.3 - https:\/\/yoast.com\/wordpress\/plugins\/seo\/ -->\n<title>\u00dcber mich - Die Veedelkundlerin - Deine Stadtf&uuml;hrung im K&ouml;lner S&uuml;den<\/title>\n<meta name=\"description\" content=\"Mit Spa\u00df und Freude durch die K\u00f6lschen Veedel, das ist mir bei meinen Stadtf\u00fchrungen als echte K\u00f6lnerin das Wichtigste.\" \/>\n<meta name=\"robots\" content=\"index, follow, max-snippet:-1, max-image-preview:large, max-video-preview:-1\" \/>\n<link rel=\"canonical\" href=\"https:\/\/www.dieveedelkundlerin.com\/?page_id=465\" \/>\n<meta property=\"og:locale\" content=\"de_DE\" \/>\n<meta property=\"og:type\" content=\"article\" \/>\n<meta property=\"og:title\" content=\"\u00dcber mich - Die Veedelkundlerin - Deine Stadtf&uuml;hrung im K&ouml;lner S&uuml;den\" \/>\n<meta property=\"og:description\" content=\"Mit Spa\u00df und Freude durch die K\u00f6lschen Veedel, das ist mir bei meinen Stadtf\u00fchrungen als echte K\u00f6lnerin das Wichtigste.\" \/>\n<meta property=\"og:url\" content=\"https:\/\/www.dieveedelkundlerin.com\/?page_id=465\" \/>\n<meta property=\"og:site_name\" content=\"Die Veedelkundlerin - Deine Stadtf&uuml;hrung im K&ouml;lner S&uuml;den\" \/>\n<meta property=\"article:modified_time\" content=\"2025-01-30T18:38:20+00:00\" \/>\n<meta property=\"og:image\" content=\"https:\/\/www.dieveedelkundlerin.com\/wp-content\/uploads\/2025\/01\/66506479-950b-4cc1-8a90-b6408329aef7.jpg\" \/>\n\t<meta property=\"og:image:width\" content=\"768\" \/>\n\t<meta property=\"og:image:height\" content=\"1024\" \/>\n\t<meta property=\"og:image:type\" content=\"image\/jpeg\" \/>\n<meta name=\"twitter:card\" content=\"summary_large_image\" \/>\n<meta name=\"twitter:label1\" content=\"Gesch\u00e4tzte Lesezeit\" \/>\n\t<meta name=\"twitter:data1\" content=\"3 Minuten\" \/>\n<script type=\"application\/ld+json\" class=\"yoast-schema-graph\">{\"@context\":\"https:\/\/schema.org\",\"@graph\":[{\"@type\":\"WebPage\",\"@id\":\"https:\/\/www.dieveedelkundlerin.com\/?page_id=465\",\"url\":\"https:\/\/www.dieveedelkundlerin.com\/?page_id=465\",\"name\":\"\u00dcber mich - Die Veedelkundlerin - Deine Stadtf&uuml;hrung im K&ouml;lner S&uuml;den\",\"isPartOf\":{\"@id\":\"https:\/\/www.dieveedelkundlerin.com\/#website\"},\"primaryImageOfPage\":{\"@id\":\"https:\/\/www.dieveedelkundlerin.com\/?page_id=465#primaryimage\"},\"image\":{\"@id\":\"https:\/\/www.dieveedelkundlerin.com\/?page_id=465#primaryimage\"},\"thumbnailUrl\":\"https:\/\/www.dieveedelkundlerin.com\/wp-content\/uploads\/2025\/01\/66506479-950b-4cc1-8a90-b6408329aef7.jpg\",\"datePublished\":\"2023-08-14T16:31:56+00:00\",\"dateModified\":\"2025-01-30T18:38:20+00:00\",\"description\":\"Mit Spa\u00df und Freude durch die K\u00f6lschen Veedel, das ist mir bei meinen Stadtf\u00fchrungen als echte K\u00f6lnerin das Wichtigste.\",\"breadcrumb\":{\"@id\":\"https:\/\/www.dieveedelkundlerin.com\/?page_id=465#breadcrumb\"},\"inLanguage\":\"de\",\"potentialAction\":[{\"@type\":\"ReadAction\",\"target\":[\"https:\/\/www.dieveedelkundlerin.com\/?page_id=465\"]}]},{\"@type\":\"ImageObject\",\"inLanguage\":\"de\",\"@id\":\"https:\/\/www.dieveedelkundlerin.com\/?page_id=465#primaryimage\",\"url\":\"https:\/\/www.dieveedelkundlerin.com\/wp-content\/uploads\/2025\/01\/66506479-950b-4cc1-8a90-b6408329aef7.jpg\",\"contentUrl\":\"https:\/\/www.dieveedelkundlerin.com\/wp-content\/uploads\/2025\/01\/66506479-950b-4cc1-8a90-b6408329aef7.jpg\",\"width\":768,\"height\":1024},{\"@type\":\"BreadcrumbList\",\"@id\":\"https:\/\/www.dieveedelkundlerin.com\/?page_id=465#breadcrumb\",\"itemListElement\":[{\"@type\":\"ListItem\",\"position\":1,\"name\":\"Startseite\",\"item\":\"https:\/\/www.dieveedelkundlerin.com\/\"},{\"@type\":\"ListItem\",\"position\":2,\"name\":\"\u00dcber mich\"}]},{\"@type\":\"WebSite\",\"@id\":\"https:\/\/www.dieveedelkundlerin.com\/#website\",\"url\":\"https:\/\/www.dieveedelkundlerin.com\/\",\"name\":\"Die Veedelkundlerin - Deine Stadtf\u00fchrerin im K\u00f6lner S\u00fcden\",\"description\":\"Mein K&ouml;lner S&uuml;den\",\"publisher\":{\"@id\":\"https:\/\/www.dieveedelkundlerin.com\/#\/schema\/person\/cb2d41989c78362e0e99231a2055d13c\"},\"potentialAction\":[{\"@type\":\"SearchAction\",\"target\":{\"@type\":\"EntryPoint\",\"urlTemplate\":\"https:\/\/www.dieveedelkundlerin.com\/?s={search_term_string}\"},\"query-input\":{\"@type\":\"PropertyValueSpecification\",\"valueRequired\":true,\"valueName\":\"search_term_string\"}}],\"inLanguage\":\"de\"},{\"@type\":[\"Person\",\"Organization\"],\"@id\":\"https:\/\/www.dieveedelkundlerin.com\/#\/schema\/person\/cb2d41989c78362e0e99231a2055d13c\",\"name\":\"admin\",\"image\":{\"@type\":\"ImageObject\",\"inLanguage\":\"de\",\"@id\":\"https:\/\/www.dieveedelkundlerin.com\/#\/schema\/person\/image\/\",\"url\":\"https:\/\/www.dieveedelkundlerin.com\/wp-content\/uploads\/2023\/07\/Logo2-scaled.jpg\",\"contentUrl\":\"https:\/\/www.dieveedelkundlerin.com\/wp-content\/uploads\/2023\/07\/Logo2-scaled.jpg\",\"width\":1920,\"height\":2560,\"caption\":\"admin\"},\"logo\":{\"@id\":\"https:\/\/www.dieveedelkundlerin.com\/#\/schema\/person\/image\/\"},\"sameAs\":[\"http:\/\/www.dieveedelkundlerin.com\"]}]}<\/script>\n<!-- \/ Yoast SEO plugin. -->","yoast_head_json":{"title":"\u00dcber mich - Die Veedelkundlerin - Deine Stadtf&uuml;hrung im K&ouml;lner S&uuml;den","description":"Mit Spa\u00df und Freude durch die K\u00f6lschen Veedel, das ist mir bei meinen Stadtf\u00fchrungen als echte K\u00f6lnerin das Wichtigste.","robots":{"index":"index","follow":"follow","max-snippet":"max-snippet:-1","max-image-preview":"max-image-preview:large","max-video-preview":"max-video-preview:-1"},"canonical":"https:\/\/www.dieveedelkundlerin.com\/?page_id=465","og_locale":"de_DE","og_type":"article","og_title":"\u00dcber mich - Die Veedelkundlerin - Deine Stadtf&uuml;hrung im K&ouml;lner S&uuml;den","og_description":"Mit Spa\u00df und Freude durch die K\u00f6lschen Veedel, das ist mir bei meinen Stadtf\u00fchrungen als echte K\u00f6lnerin das Wichtigste.","og_url":"https:\/\/www.dieveedelkundlerin.com\/?page_id=465","og_site_name":"Die Veedelkundlerin - Deine Stadtf&uuml;hrung im K&ouml;lner S&uuml;den","article_modified_time":"2025-01-30T18:38:20+00:00","og_image":[{"width":768,"height":1024,"url":"https:\/\/www.dieveedelkundlerin.com\/wp-content\/uploads\/2025\/01\/66506479-950b-4cc1-8a90-b6408329aef7.jpg","type":"image\/jpeg"}],"twitter_card":"summary_large_image","twitter_misc":{"Gesch\u00e4tzte Lesezeit":"3 Minuten"},"schema":{"@context":"https:\/\/schema.org","@graph":[{"@type":"WebPage","@id":"https:\/\/www.dieveedelkundlerin.com\/?page_id=465","url":"https:\/\/www.dieveedelkundlerin.com\/?page_id=465","name":"\u00dcber mich - Die Veedelkundlerin - Deine Stadtf&uuml;hrung im K&ouml;lner S&uuml;den","isPartOf":{"@id":"https:\/\/www.dieveedelkundlerin.com\/#website"},"primaryImageOfPage":{"@id":"https:\/\/www.dieveedelkundlerin.com\/?page_id=465#primaryimage"},"image":{"@id":"https:\/\/www.dieveedelkundlerin.com\/?page_id=465#primaryimage"},"thumbnailUrl":"https:\/\/www.dieveedelkundlerin.com\/wp-content\/uploads\/2025\/01\/66506479-950b-4cc1-8a90-b6408329aef7.jpg","datePublished":"2023-08-14T16:31:56+00:00","dateModified":"2025-01-30T18:38:20+00:00","description":"Mit Spa\u00df und Freude durch die K\u00f6lschen Veedel, das ist mir bei meinen Stadtf\u00fchrungen als echte K\u00f6lnerin das Wichtigste.","breadcrumb":{"@id":"https:\/\/www.dieveedelkundlerin.com\/?page_id=465#breadcrumb"},"inLanguage":"de","potentialAction":[{"@type":"ReadAction","target":["https:\/\/www.dieveedelkundlerin.com\/?page_id=465"]}]},{"@type":"ImageObject","inLanguage":"de","@id":"https:\/\/www.dieveedelkundlerin.com\/?page_id=465#primaryimage","url":"https:\/\/www.dieveedelkundlerin.com\/wp-content\/uploads\/2025\/01\/66506479-950b-4cc1-8a90-b6408329aef7.jpg","contentUrl":"https:\/\/www.dieveedelkundlerin.com\/wp-content\/uploads\/2025\/01\/66506479-950b-4cc1-8a90-b6408329aef7.jpg","width":768,"height":1024},{"@type":"BreadcrumbList","@id":"https:\/\/www.dieveedelkundlerin.com\/?page_id=465#breadcrumb","itemListElement":[{"@type":"ListItem","position":1,"name":"Startseite","item":"https:\/\/www.dieveedelkundlerin.com\/"},{"@type":"ListItem","position":2,"name":"\u00dcber mich"}]},{"@type":"WebSite","@id":"https:\/\/www.dieveedelkundlerin.com\/#website","url":"https:\/\/www.dieveedelkundlerin.com\/","name":"Die Veedelkundlerin - Deine Stadtf\u00fchrerin im K\u00f6lner S\u00fcden","description":"Mein K&ouml;lner S&uuml;den","publisher":{"@id":"https:\/\/www.dieveedelkundlerin.com\/#\/schema\/person\/cb2d41989c78362e0e99231a2055d13c"},"potentialAction":[{"@type":"SearchAction","target":{"@type":"EntryPoint","urlTemplate":"https:\/\/www.dieveedelkundlerin.com\/?s={search_term_string}"},"query-input":{"@type":"PropertyValueSpecification","valueRequired":true,"valueName":"search_term_string"}}],"inLanguage":"de"},{"@type":["Person","Organization"],"@id":"https:\/\/www.dieveedelkundlerin.com\/#\/schema\/person\/cb2d41989c78362e0e99231a2055d13c","name":"admin","image":{"@type":"ImageObject","inLanguage":"de","@id":"https:\/\/www.dieveedelkundlerin.com\/#\/schema\/person\/image\/","url":"https:\/\/www.dieveedelkundlerin.com\/wp-content\/uploads\/2023\/07\/Logo2-scaled.jpg","contentUrl":"https:\/\/www.dieveedelkundlerin.com\/wp-content\/uploads\/2023\/07\/Logo2-scaled.jpg","width":1920,"height":2560,"caption":"admin"},"logo":{"@id":"https:\/\/www.dieveedelkundlerin.com\/#\/schema\/person\/image\/"},"sameAs":["http:\/\/www.dieveedelkundlerin.com"]}]}},"jetpack_sharing_enabled":true,"_links":{"self":[{"href":"https:\/\/www.dieveedelkundlerin.com\/index.php?rest_route=\/wp\/v2\/pages\/465","targetHints":{"allow":["GET"]}}],"collection":[{"href":"https:\/\/www.dieveedelkundlerin.com\/index.php?rest_route=\/wp\/v2\/pages"}],"about":[{"href":"https:\/\/www.dieveedelkundlerin.com\/index.php?rest_route=\/wp\/v2\/types\/page"}],"author":[{"embeddable":true,"href":"https:\/\/www.dieveedelkundlerin.com\/index.php?rest_route=\/wp\/v2\/users\/1"}],"replies":[{"embeddable":true,"href":"https:\/\/www.dieveedelkundlerin.com\/index.php?rest_route=%2Fwp%2Fv2%2Fcomments&post=465"}],"version-history":[{"count":6,"href":"https:\/\/www.dieveedelkundlerin.com\/index.php?rest_route=\/wp\/v2\/pages\/465\/revisions"}],"predecessor-version":[{"id":582,"href":"https:\/\/www.dieveedelkundlerin.com\/index.php?rest_route=\/wp\/v2\/pages\/465\/revisions\/582"}],"wp:attachment":[{"href":"https:\/\/www.dieveedelkundlerin.com\/index.php?rest_route=%2Fwp%2Fv2%2Fmedia&parent=465"}],"curies":[{"name":"wp","href":"https:\/\/api.w.org\/{rel}","templated":true}]}}